{"id":372,"date":"2015-12-03T08:49:51","date_gmt":"2015-12-03T08:49:51","guid":{"rendered":"http:\/\/demos.artbees.net\/jupiter5\/taygete\/?page_id=372"},"modified":"2018-02-16T08:41:32","modified_gmt":"2018-02-16T08:41:32","slug":"projects","status":"publish","type":"page","link":"https:\/\/kazanyapi.com\/index.php\/projects\/","title":{"rendered":"Projects"},"content":{"rendered":"[mk_page_section bg_image=&#8221;http:\/\/kazanyapi.com\/wp-content\/uploads\/2018\/02\/about-us-banner.jpg&#8221; bg_repeat=&#8221;no-repeat&#8221; bg_stretch=&#8221;true&#8221; enable_3d=&#8221;true&#8221; bg_gradient=&#8221;horizontal&#8221; video_color_mask=&#8221;#003164&#8243; gr_end=&#8221;#fff200&#8243; video_opacity=&#8221;0.5&#8243; min_height=&#8221;675&#8243; js_vertical_centered=&#8221;true&#8221; sidebar=&#8221;sidebar-1&#8243;][vc_column][mk_fancy_title strip_tags=&#8221;true&#8221; color=&#8221;#ffffff&#8221; size=&#8221;48&#8243; force_font_size=&#8221;true&#8221; size_phone=&#8221;40&#8243; font_weight=&#8221;bold&#8221; txt_transform=&#8221;none&#8221; margin_bottom=&#8221;50&#8243; font_family=&#8221;none&#8221; align=&#8221;center&#8221;]\n<h1>Gelece\u011fi Tasarl\u0131yoruz<\/h1>\n[\/mk_fancy_title][mk_fancy_title strip_tags=&#8221;true&#8221; color=&#8221;#ffffff&#8221; size=&#8221;18&#8243; font_weight=&#8221;400&#8243; margin_bottom=&#8221;50&#8243; font_family=&#8221;none&#8221; align=&#8221;center&#8221;]Etkin projelendirme a\u015famalar\u0131ndan ge\u00e7en i\u015flerimiz. Bir cerrah titizli\u011fi ile ele al\u0131n\u0131p uygulamaya ge\u00e7iriliyor[\/mk_fancy_title][\/vc_column][\/mk_page_section][vc_row][vc_column][mk_padding_divider size=&#8221;120&#8243;][mk_fancy_title color=&#8221;#aaaaaa&#8221; size=&#8221;16&#8243; txt_transform=&#8221;uppercase&#8221; letter_spacing=&#8221;4&#8243; margin_bottom=&#8221;0&#8243; font_family=&#8221;Ubuntu&#8221; font_type=&#8221;google&#8221; align=&#8221;center&#8221;]SON MUHTE\u015eEM[\/mk_fancy_title][mk_fancy_title color=&#8221;#003164&#8243; size=&#8221;30&#8243; txt_transform=&#8221;uppercase&#8221; letter_spacing=&#8221;2&#8243; margin_bottom=&#8221;0&#8243; font_family=&#8221;Ubuntu&#8221; font_type=&#8221;google&#8221; align=&#8221;center&#8221;]PROJELER\u0130M\u0130Z[\/mk_fancy_title][mk_divider style=&#8221;thin_solid&#8221; divider_width=&#8221;custom_width&#8221; custom_width=&#8221;60&#8243; thin_single_color=&#8221;#eded00&#8243; thickness=&#8221;3&#8243; margin_top=&#8221;0&#8243; margin_bottom=&#8221;40&#8243;][\/vc_column][\/vc_row][vc_row fullwidth=&#8221;true&#8221; css=&#8221;.vc_custom_1446630945299{padding-top: 0px !important;padding-right: 0px !important;padding-bottom: 0px !important;padding-left: 0px !important;}&#8221;][vc_column][mk_portfolio style=&#8221;grid&#8221; hover_scenarios=&#8221;zoomin&#8221; grid_spacing=&#8221;28&#8243; height=&#8221;200&#8243; column=&#8221;5&#8243; count=&#8221;24&#8243; sortable_align=&#8221;center&#8221; sortable_all_text=&#8221;T\u00fcm\u00fc&#8221; pagination=&#8221;false&#8221; image_quality=&#8221;2&#8243; item_id=&#8221;1446630882-5639d5e222256&#8243;][\/vc_column][\/vc_row][mk_page_section bg_image=&#8221;http:\/\/demos.artbees.net\/jupiter5\/taygete\/wp-content\/uploads\/sites\/58\/2015\/11\/call-action-bg.jpg&#8221; bg_repeat=&#8221;no-repeat&#8221; bg_stretch=&#8221;true&#8221; video_color_mask=&#8221;rgba(253,197,2,0.95)&#8221; sidebar=&#8221;sidebar-1&#8243;][vc_column width=&#8221;2\/3&#8243;][mk_fancy_title strip_tags=&#8221;true&#8221; color=&#8221;#ffffff&#8221; size=&#8221;30&#8243; force_font_size=&#8221;true&#8221; size_phone=&#8221;30&#8243; line_height=&#8221;126&#8243; txt_transform=&#8221;capitalize&#8221; margin_top=&#8221;40&#8243; margin_bottom=&#8221;100&#8243; font_family=&#8221;none&#8221;]\n<div class=\"mk-page-section-inner\">\n<div class=\"background-layer-holder\">\n<div id=\"background-layer--16\" class=\"background-layer mk-background-stretch none-blend-effect js-el\" data-mk-lazyload=\"false\" data-mk-img-set=\"{&quot;landscape&quot;:{&quot;external&quot;:&quot;http:\/\/demos.artbees.net\/jupiter5\/taygete\/wp-content\/uploads\/sites\/58\/2015\/11\/call-action-bg.jpg&quot;},&quot;responsive&quot;:&quot;true&quot;}\">\n<div class=\"mk-color-layer\">\u00a0Siz De Bu Kaliteye Sahip Olmak \u0130\u00e7in Bizimle \u0130leti\u015fime Ge\u00e7in.<\/div>\n<\/div>\n<\/div>\n<\/div>\n[\/mk_fancy_title][\/vc_column][vc_column width=&#8221;1\/3&#8243;][mk_padding_divider size=&#8221;60&#8243; visibility=&#8221;hidden-sm&#8221;][mk_button dimension=&#8221;flat&#8221; corner_style=&#8221;rounded&#8221; size=&#8221;medium&#8221; url=&#8221;http:\/\/kazanyapi.com\/index.php\/contact-us\/&#8221; animation=&#8221;flip-y&#8221; bg_color=&#8221;#003164&#8243; btn_hover_bg=&#8221;#ffffff&#8221; btn_hover_txt_color=&#8221;#003164&#8243;]\u0130LET\u0130\u015e\u0130M[\/mk_button][\/vc_column][\/mk_page_section]\n","protected":false},"excerpt":{"rendered":"<p>[mk_page_section bg_image=&#8221;http:\/\/kazanyapi.com\/wp-content\/uploads\/2018\/02\/about-us-banner.jpg&#8221; bg_repeat=&#8221;no-repeat&#8221; bg_stretch=&#8221;true&#8221; enable_3d=&#8221;true&#8221; bg_gradient=&#8221;horizontal&#8221; video_color_mask=&#8221;#003164&#8243; gr_end=&#8221;#fff200&#8243; video_opacity=&#8221;0.5&#8243; min_height=&#8221;675&#8243; js_vertical_centered=&#8221;true&#8221; sidebar=&#8221;sidebar-1&#8243;][vc_column][mk_fancy_title strip_tags=&#8221;true&#8221; color=&#8221;#ffffff&#8221; size=&#8221;48&#8243; force_font_size=&#8221;true&#8221; size_phone=&#8221;40&#8243; font_weight=&#8221;bold&#8221; txt_transform=&#8221;none&#8221; margin_bottom=&#8221;50&#8243; font_family=&#8221;none&#8221; align=&#8221;center&#8221;] Gelece\u011fi Tasarl\u0131yoruz [\/mk_fancy_title][mk_fancy_title strip_tags=&#8221;true&#8221; color=&#8221;#ffffff&#8221; size=&#8221;18&#8243; font_weight=&#8221;400&#8243; margin_bottom=&#8221;50&#8243; font_family=&#8221;none&#8221; align=&#8221;center&#8221;]Etkin projelendirme a\u015famalar\u0131ndan ge\u00e7en i\u015flerimiz. Bir cerrah titizli\u011fi ile ele al\u0131n\u0131p uygulamaya ge\u00e7iriliyor[\/mk_fancy_title][\/vc_column][\/mk_page_section][vc_row][vc_column][mk_padding_divider size=&#8221;120&#8243;][mk_fancy_title color=&#8221;#aaaaaa&#8221; size=&#8221;16&#8243; txt_transform=&#8221;uppercase&#8221; letter_spacing=&#8221;4&#8243; margin_bottom=&#8221;0&#8243; font_family=&#8221;Ubuntu&#8221; font_type=&#8221;google&#8221; align=&#8221;center&#8221;]SON MUHTE\u015eEM[\/mk_fancy_title][mk_fancy_title color=&#8221;#003164&#8243; [&hellip;]<\/p>\n","protected":false},"author":1,"featured_media":0,"parent":0,"menu_order":0,"comment_status":"closed","ping_status":"closed","template":"","meta":{"footnotes":""},"_links":{"self":[{"href":"https:\/\/kazanyapi.com\/index.php\/wp-json\/wp\/v2\/pages\/372"}],"collection":[{"href":"https:\/\/kazanyapi.com\/index.php\/wp-json\/wp\/v2\/pages"}],"about":[{"href":"https:\/\/kazanyapi.com\/index.php\/wp-json\/wp\/v2\/types\/page"}],"author":[{"embeddable":true,"href":"https:\/\/kazanyapi.com\/index.php\/wp-json\/wp\/v2\/users\/1"}],"replies":[{"embeddable":true,"href":"https:\/\/kazanyapi.com\/index.php\/wp-json\/wp\/v2\/comments?post=372"}],"version-history":[{"count":9,"href":"https:\/\/kazanyapi.com\/index.php\/wp-json\/wp\/v2\/pages\/372\/revisions"}],"predecessor-version":[{"id":620,"href":"https:\/\/kazanyapi.com\/index.php\/wp-json\/wp\/v2\/pages\/372\/revisions\/620"}],"wp:attachment":[{"href":"https:\/\/kazanyapi.com\/index.php\/wp-json\/wp\/v2\/media?parent=372"}],"curies":[{"name":"wp","href":"https:\/\/api.w.org\/{rel}","templated":true}]}}