{"id":385,"date":"2015-12-03T09:06:46","date_gmt":"2015-12-03T09:06:46","guid":{"rendered":"http:\/\/demos.artbees.net\/jupiter5\/taygete\/?page_id=385"},"modified":"2020-01-23T11:51:44","modified_gmt":"2020-01-23T11:51:44","slug":"contact-us","status":"publish","type":"page","link":"https:\/\/kazanyapi.com\/index.php\/contact-us\/","title":{"rendered":"Contact Us"},"content":{"rendered":"[mk_page_section bg_image=&#8221;http:\/\/kazanyapi.com\/wp-content\/uploads\/2018\/02\/contact-us-bg-2.jpg&#8221; bg_repeat=&#8221;no-repeat&#8221; bg_stretch=&#8221;true&#8221; enable_3d=&#8221;true&#8221; bg_gradient=&#8221;horizontal&#8221; video_color_mask=&#8221;#003164&#8243; gr_end=&#8221;#fff200&#8243; video_opacity=&#8221;0.5&#8243; min_height=&#8221;675&#8243; js_vertical_centered=&#8221;true&#8221; sidebar=&#8221;sidebar-1&#8243;][vc_column][mk_padding_divider size=&#8221;60&#8243; visibility=&#8221;visible-sm&#8221;][mk_fancy_title color=&#8221;#ffffff&#8221; size=&#8221;48&#8243; force_font_size=&#8221;true&#8221; size_phone=&#8221;40&#8243; font_weight=&#8221;bold&#8221; txt_transform=&#8221;none&#8221; margin_bottom=&#8221;50&#8243; font_family=&#8221;none&#8221; align=&#8221;center&#8221;]Bizimle \u0130leti\u015fime Ge\u00e7in[\/mk_fancy_title][vc_row_inner][vc_column_inner width=&#8221;1\/4&#8243;][mk_icon_box2 icon_size=&#8221;48&#8243; icon=&#8221;mk-moon-location-3&#8243; icon_color=&#8221;#ffffff&#8221; icon_background_color=&#8221;rgba(255,255,255,0.5)&#8221; icon_hover_color=&#8221;#ffffff&#8221; icon_hover_background_color=&#8221;rgba(253,197,2,0.5)&#8221; title=&#8221;Adres&#8221; title_size=&#8221;24&#8243; title_weight=&#8221;bold&#8221; title_color=&#8221;#ffffff&#8221; description_color=&#8221;#ffffff&#8221;]\u00d6zerli Mh. Simli Sk. No: 10\/1 D\u00f6rtyol, Hatay[\/mk_icon_box2][mk_padding_divider visibility=&#8221;visible-sm&#8221;][\/vc_column_inner][vc_column_inner width=&#8221;1\/4&#8243;][mk_icon_box2 icon_size=&#8221;48&#8243; icon=&#8221;mk-moon-phone-4&#8243; icon_color=&#8221;#ffffff&#8221; icon_background_color=&#8221;rgba(255,255,255,0.5)&#8221; icon_hover_color=&#8221;#ffffff&#8221; icon_hover_background_color=&#8221;rgba(253,197,2,0.5)&#8221; title=&#8221;Telefon&#8221; title_size=&#8221;24&#8243; title_weight=&#8221;bold&#8221; title_color=&#8221;#ffffff&#8221; description_color=&#8221;#ffffff&#8221;]+9 (0) 552 360 3121[\/mk_icon_box2][mk_padding_divider visibility=&#8221;visible-sm&#8221;][\/vc_column_inner][vc_column_inner width=&#8221;1\/4&#8243;][mk_icon_box2 icon_size=&#8221;48&#8243; icon=&#8221;mk-moon-bubble-dots&#8221; icon_color=&#8221;#ffffff&#8221; icon_background_color=&#8221;rgba(255,255,255,0.5)&#8221; icon_hover_color=&#8221;#ffffff&#8221; icon_hover_background_color=&#8221;rgba(253,197,2,0.5)&#8221; title=&#8221;E-posta&#8221; title_size=&#8221;24&#8243; title_weight=&#8221;bold&#8221; title_color=&#8221;#ffffff&#8221; description_color=&#8221;#ffffff&#8221;]kazanyapiinsaat@gmail.com[\/mk_icon_box2][mk_padding_divider visibility=&#8221;visible-sm&#8221;][\/vc_column_inner][\/vc_row_inner][\/vc_column][\/mk_page_section][vc_row][vc_column][mk_padding_divider size=&#8221;120&#8243;][mk_fancy_title color=&#8221;#003164&#8243; size=&#8221;30&#8243; font_weight=&#8221;400&#8243; txt_transform=&#8221;uppercase&#8221; letter_spacing=&#8221;2&#8243; margin_bottom=&#8221;0&#8243; font_family=&#8221;Ubuntu&#8221; font_type=&#8221;google&#8221; align=&#8221;center&#8221;]\u0130LET\u0130\u015e\u0130M[\/mk_fancy_title][mk_divider style=&#8221;thin_solid&#8221; divider_width=&#8221;custom_width&#8221; custom_width=&#8221;60&#8243; thin_single_color=&#8221;#fdc502&#8243; thickness=&#8221;3&#8243; margin_top=&#8221;0&#8243; margin_bottom=&#8221;40&#8243;][mk_padding_divider size=&#8221;110&#8243; visibility=&#8221;hidden-sm&#8221;][\/vc_column][\/vc_row][vc_row css=&#8221;.vc_custom_1449133811483{padding-top: 0px !important;padding-right: 0px !important;padding-bottom: 0px !important;padding-left: 0px !important;}&#8221;][vc_column width=&#8221;1\/2&#8243;][mk_fancy_title color=&#8221;#003164&#8243; size=&#8221;48&#8243; force_font_size=&#8221;true&#8221; size_phone=&#8221;40&#8243; font_weight=&#8221;bold&#8221; txt_transform=&#8221;capitalize&#8221; font_family=&#8221;none&#8221;]Bizim Hakk\u0131m\u0131zdaki D\u00fc\u015f\u00fcnceleriniz \u0130\u00e7in[\/mk_fancy_title][mk_fancy_title size=&#8221;18&#8243; font_weight=&#8221;400&#8243; font_family=&#8221;none&#8221;]Avantajl\u0131 \u00fccret tarifelerimiz den haberdar olmak , dilek ve \u015fikayetleriniz veya bizimle ileti\u015fime ge\u00e7mek i\u00e7in formu doldurunuz.[\/mk_fancy_title][\/vc_column][vc_column width=&#8221;1\/2&#8243;][mk_contact_form button_text=&#8221;G\u00d6NDER&#8221; email=&#8221;mtkazan21@gmail.com&#8221; captcha=&#8221;false&#8221;][mk_padding_divider size=&#8221;60&#8243; visibility=&#8221;visible-sm&#8221;][\/vc_column][\/vc_row][vc_row][vc_column][vc_gmaps link=&#8221;#E-8_JTNDaWZyYW1lJTIwc3JjJTNEJTIyaHR0cHMlM0ElMkYlMkZ3d3cuZ29vZ2xlLmNvbSUyRm1hcHMlMkZlbWJlZCUzRnBiJTNEJTIxMW0xNCUyMTFtOCUyMTFtMyUyMTFkNjcxLjMxMTQ0NTI0NDU2NDUlMjEyZDM2LjIyNjE1MjMzNTAwOTE5NiUyMTNkMzYuODM0OTY5OTE4MTk4MzglMjEzbTIlMjExaTEwMjQlMjEyaTc2OCUyMTRmMTMuMSUyMTNtMyUyMTFtMiUyMTFzMHgwJTI1M0EweDIwOGRkMjY4ODNlYWRkZDAlMjEyc0QlMjVDMyUyNUI2cnR5b2wlMkJCZWxlZGl5ZXNpJTIxNWUwJTIxM20yJTIxMXN0ciUyMTJzdHIlMjE0djE1MTg3NzE2ODkwODMlMjIlMjB3aWR0aCUzRCUyMjYwMCUyMiUyMGhlaWdodCUzRCUyMjQ1MCUyMiUyMGZyYW1lYm9yZGVyJTNEJTIyMCUyMiUyMHN0eWxlJTNEJTIyYm9yZGVyJTNBMCUyMiUyMGFsbG93ZnVsbHNjcmVlbiUzRSUzQyUyRmlmcmFtZSUzRQ==&#8221;][\/vc_column][\/vc_row]\n","protected":false},"excerpt":{"rendered":"<p>[mk_page_section bg_image=&#8221;http:\/\/kazanyapi.com\/wp-content\/uploads\/2018\/02\/contact-us-bg-2.jpg&#8221; bg_repeat=&#8221;no-repeat&#8221; bg_stretch=&#8221;true&#8221; enable_3d=&#8221;true&#8221; bg_gradient=&#8221;horizontal&#8221; video_color_mask=&#8221;#003164&#8243; gr_end=&#8221;#fff200&#8243; video_opacity=&#8221;0.5&#8243; min_height=&#8221;675&#8243; js_vertical_centered=&#8221;true&#8221; sidebar=&#8221;sidebar-1&#8243;][vc_column][mk_padding_divider size=&#8221;60&#8243; visibility=&#8221;visible-sm&#8221;][mk_fancy_title color=&#8221;#ffffff&#8221; size=&#8221;48&#8243; force_font_size=&#8221;true&#8221; size_phone=&#8221;40&#8243; font_weight=&#8221;bold&#8221; txt_transform=&#8221;none&#8221; margin_bottom=&#8221;50&#8243; font_family=&#8221;none&#8221; align=&#8221;center&#8221;]Bizimle \u0130leti\u015fime Ge\u00e7in[\/mk_fancy_title][vc_row_inner][vc_column_inner width=&#8221;1\/4&#8243;][mk_icon_box2 icon_size=&#8221;48&#8243; icon=&#8221;mk-moon-location-3&#8243; icon_color=&#8221;#ffffff&#8221; icon_background_color=&#8221;rgba(255,255,255,0.5)&#8221; icon_hover_color=&#8221;#ffffff&#8221; icon_hover_background_color=&#8221;rgba(253,197,2,0.5)&#8221; title=&#8221;Adres&#8221; title_size=&#8221;24&#8243; title_weight=&#8221;bold&#8221; title_color=&#8221;#ffffff&#8221; description_color=&#8221;#ffffff&#8221;]\u00d6zerli Mh. Simli Sk. No: 10\/1 D\u00f6rtyol, Hatay[\/mk_icon_box2][mk_padding_divider visibility=&#8221;visible-sm&#8221;][\/vc_column_inner][vc_column_inner width=&#8221;1\/4&#8243;][mk_icon_box2 icon_size=&#8221;48&#8243; icon=&#8221;mk-moon-phone-4&#8243; icon_color=&#8221;#ffffff&#8221; icon_background_color=&#8221;rgba(255,255,255,0.5)&#8221; icon_hover_color=&#8221;#ffffff&#8221; icon_hover_background_color=&#8221;rgba(253,197,2,0.5)&#8221; title=&#8221;Telefon&#8221; title_size=&#8221;24&#8243; title_weight=&#8221;bold&#8221; [&hellip;]<\/p>\n","protected":false},"author":1,"featured_media":0,"parent":0,"menu_order":0,"comment_status":"closed","ping_status":"closed","template":"","meta":{"footnotes":""},"_links":{"self":[{"href":"https:\/\/kazanyapi.com\/index.php\/wp-json\/wp\/v2\/pages\/385"}],"collection":[{"href":"https:\/\/kazanyapi.com\/index.php\/wp-json\/wp\/v2\/pages"}],"about":[{"href":"https:\/\/kazanyapi.com\/index.php\/wp-json\/wp\/v2\/types\/page"}],"author":[{"embeddable":true,"href":"https:\/\/kazanyapi.com\/index.php\/wp-json\/wp\/v2\/users\/1"}],"replies":[{"embeddable":true,"href":"https:\/\/kazanyapi.com\/index.php\/wp-json\/wp\/v2\/comments?post=385"}],"version-history":[{"count":8,"href":"https:\/\/kazanyapi.com\/index.php\/wp-json\/wp\/v2\/pages\/385\/revisions"}],"predecessor-version":[{"id":752,"href":"https:\/\/kazanyapi.com\/index.php\/wp-json\/wp\/v2\/pages\/385\/revisions\/752"}],"wp:attachment":[{"href":"https:\/\/kazanyapi.com\/index.php\/wp-json\/wp\/v2\/media?parent=385"}],"curies":[{"name":"wp","href":"https:\/\/api.w.org\/{rel}","templated":true}]}}