{"id":394,"date":"2015-12-03T09:38:25","date_gmt":"2015-12-03T09:38:25","guid":{"rendered":"http:\/\/demos.artbees.net\/jupiter5\/taygete\/?page_id=394"},"modified":"2018-02-16T08:38:29","modified_gmt":"2018-02-16T08:38:29","slug":"services","status":"publish","type":"page","link":"https:\/\/kazanyapi.com\/index.php\/services\/","title":{"rendered":"Services"},"content":{"rendered":"[mk_page_section bg_image=&#8221;http:\/\/kazanyapi.com\/wp-content\/uploads\/2018\/02\/services-banner.jpg&#8221; bg_repeat=&#8221;no-repeat&#8221; bg_stretch=&#8221;true&#8221; enable_3d=&#8221;true&#8221; bg_gradient=&#8221;horizontal&#8221; video_color_mask=&#8221;#003164&#8243; gr_end=&#8221;#fff200&#8243; video_opacity=&#8221;0.5&#8243; min_height=&#8221;675&#8243; js_vertical_centered=&#8221;true&#8221; sidebar=&#8221;sidebar-1&#8243;][vc_column][mk_fancy_title strip_tags=&#8221;true&#8221; color=&#8221;#ffffff&#8221; size=&#8221;48&#8243; force_font_size=&#8221;true&#8221; size_phone=&#8221;40&#8243; font_weight=&#8221;bold&#8221; txt_transform=&#8221;capitalize&#8221; margin_bottom=&#8221;50&#8243; font_family=&#8221;none&#8221; align=&#8221;center&#8221;]\n<h1>Hizmet Verdi\u011fimiz Servisler<\/h1>\n[\/mk_fancy_title][vc_row_inner][vc_column_inner width=&#8221;1\/6&#8243;][\/vc_column_inner][vc_column_inner width=&#8221;2\/3&#8243;][mk_fancy_title color=&#8221;#ffffff&#8221; size=&#8221;18&#8243; font_weight=&#8221;400&#8243; margin_bottom=&#8221;50&#8243; font_family=&#8221;none&#8221; align=&#8221;center&#8221;]\u0130n\u015faat Alan\u0131nda Bilumum T\u00fcm Sahalarda Hizmet Vermekteyiz. Siz De Bu<\/p>\n<p>Kaliteye Sahip Olmak \u0130\u00e7in Bize Ula\u015f\u0131n[\/mk_fancy_title][\/vc_column_inner][vc_column_inner width=&#8221;1\/6&#8243;][\/vc_column_inner][\/vc_row_inner][\/vc_column][\/mk_page_section][vc_row][vc_column][mk_padding_divider size=&#8221;140&#8243;][mk_fancy_title color=&#8221;#003164&#8243; size=&#8221;30&#8243; txt_transform=&#8221;uppercase&#8221; letter_spacing=&#8221;2&#8243; margin_bottom=&#8221;0&#8243; font_family=&#8221;Ubuntu&#8221; font_type=&#8221;google&#8221; align=&#8221;center&#8221;]SERV\u0130SLER\u0130M\u0130Z[\/mk_fancy_title][mk_divider style=&#8221;thin_solid&#8221; divider_width=&#8221;custom_width&#8221; custom_width=&#8221;60&#8243; thin_single_color=&#8221;#fdc502&#8243; thickness=&#8221;3&#8243; margin_top=&#8221;0&#8243; margin_bottom=&#8221;60&#8243;][\/vc_column][\/vc_row][vc_row][vc_column width=&#8221;1\/2&#8243;][mk_fancy_title color=&#8221;#003164&#8243; size=&#8221;48&#8243; force_font_size=&#8221;true&#8221; size_phone=&#8221;40&#8243; font_weight=&#8221;bold&#8221; txt_transform=&#8221;none&#8221; margin_bottom=&#8221;0&#8243; font_family=&#8221;Ubuntu&#8221; font_type=&#8221;google&#8221;]\u0130nsanl\u0131\u011fa hizmet etmek ger\u00e7ek mutlulu\u011fu getiren \u015feydir.[\/mk_fancy_title][mk_padding_divider size=&#8221;60&#8243; visibility=&#8221;visible-sm&#8221;][\/vc_column][vc_column width=&#8221;1\/4&#8243;][mk_dropcaps style=&#8221;fancy-style&#8221; size=&#8221;45&#8243; background_color=&#8221;#003164&#8243; text_color=&#8221;#ffffff&#8221;]\u0130[\/mk_dropcaps][vc_column_text css=&#8221;.vc_custom_1518620765157{margin-bottom: 0px !important;}&#8221;]n\u015faat sekt\u00f6r\u00fcn\u00fcn bir\u00e7ok dal\u0131nda hizmet vermekte olan \u015firketimiz bu alanda profesyonel ekipleri ile mimariler in\u015faa etmekten gurur duyuyor. Yap\u0131lan i\u015f profesyonel oldu\u011funda memnuniyet ve kalite beraberinde geliyor. Yapt\u0131\u011f\u0131m\u0131z t\u00fcm projelerimizde \u00f6nce can g\u00fcvenli\u011fini g\u00f6z \u00f6n\u00fcnde bulundurur, ard\u0131ndan kaliteli i\u015f \u00e7\u0131karmay\u0131 \u00f6nemser ve daha sonra da s\u00f6z verdi\u011fimiz s\u00fcrede i\u015flerimizi teslim etmeyi ama\u00e7lar\u0131z[\/vc_column_text][\/vc_column][vc_column width=&#8221;1\/4&#8243;][vc_column_text css=&#8221;.vc_custom_1518620778448{margin-bottom: 0px !important;}&#8221;]G\u00fcn\u00fcm\u00fcz mimarilerine yeni bir vizyon getiren \u015firketimiz. y\u00fcksek insan g\u00fcc\u00fc. etkili m\u00fchendislik becerisi, dinamik ve gen\u00e7 kadrosu ile t\u00fcm h\u0131z\u0131yla b\u00fcy\u00fcmeye devam etmektedir. Bu ba\u011flamda \u201cYapt\u0131\u011f\u0131m\u0131z t\u00fcm projelerimiz yapacaklar\u0131m\u0131z\u0131n teminat\u0131d\u0131r.\u201d felsefesini g\u00fctmekteyiz. Ne olursa olsun \u00e7al\u0131\u015fmak ve her daim \u00fcretmek yegane hedefimizdir.[\/vc_column_text][\/vc_column][\/vc_row][vc_row][vc_column][mk_padding_divider size=&#8221;130&#8243; visibility=&#8221;hidden-sm&#8221;][\/vc_column][\/vc_row][vc_row visibility=&#8221;hidden-sm&#8221;][vc_column width=&#8221;1\/3&#8243;][mk_flipbox front_background_color=&#8221;#1e73be&#8221; back_background_color=&#8221;#fdc502&#8243; min_height=&#8221;150&#8243; image=&#8221;http:\/\/kazanyapi.com\/wp-content\/uploads\/2018\/02\/sahtem1.jpg&#8221; front_title=&#8221;Kaba \u0130n\u015faat&#8221; front_title_size=&#8221;24&#8243; front_title_color=&#8221;#003164&#8243; back_title=&#8221;Kaba \u0130n\u015faat Bizim \u0130\u015fimiz&#8221; back_title_size=&#8221;24&#8243; back_title_color=&#8221;#ffffff&#8221; font_weight=&#8221;bold&#8221; front_desc_size=&#8221;14&#8243; front_desc_color=&#8221;#aaaaaa&#8221; button_url=&#8221;http:\/\/kazanyapi.com\/index.php\/projects\/&#8221; button_text=&#8221;PROJELER&#8221; button_bg_color=&#8221;#003164&#8243; button_bg_hover_color=&#8221;#003164&#8243;][\/vc_column][vc_column width=&#8221;1\/3&#8243;][mk_flipbox front_background_color=&#8221;#1e73be&#8221; back_background_color=&#8221;#003164&#8243; image=&#8221;http:\/\/kazanyapi.com\/wp-content\/uploads\/2018\/02\/aydn2-1.jpg&#8221; front_title=&#8221;DEM\u0130R&#8221; front_title_size=&#8221;24&#8243; front_title_color=&#8221;#003164&#8243; back_title=&#8221;Demir Bizim \u0130\u015fimiz&#8221; back_title_size=&#8221;24&#8243; back_title_color=&#8221;#1e73be&#8221; font_weight=&#8221;bold&#8221; front_desc_size=&#8221;14&#8243; front_desc_color=&#8221;#aaaaaa&#8221; button_url=&#8221;http:\/\/kazanyapi.com\/index.php\/projects\/&#8221; button_text=&#8221;PROJELER&#8221; button_bg_color=&#8221;#fdc502&#8243; button_bg_hover_color=&#8221;#fcd032&#8243; button_text_skin=&#8221;dark&#8221;][\/vc_column][vc_column width=&#8221;1\/3&#8243;][mk_flipbox front_background_color=&#8221;#1e73be&#8221; back_background_color=&#8221;#003164&#8243; image=&#8221;http:\/\/kazanyapi.com\/wp-content\/uploads\/2018\/02\/fb_img_1515604308297.jpg&#8221; front_title=&#8221;Duvar&#8221; front_title_size=&#8221;24&#8243; front_title_color=&#8221;#003164&#8243; back_title=&#8221;Duvar Bizim \u0130\u015fimiz&#8221; back_title_size=&#8221;24&#8243; back_title_color=&#8221;#ffffff&#8221; font_weight=&#8221;bold&#8221; front_desc_size=&#8221;14&#8243; front_desc_color=&#8221;#aaaaaa&#8221; button_url=&#8221;http:\/\/kazanyapi.com\/index.php\/projects\/&#8221; button_text=&#8221;PROJELER&#8221; button_bg_color=&#8221;#fdc502&#8243; button_bg_hover_color=&#8221;#fcd032&#8243; button_text_skin=&#8221;dark&#8221;][\/vc_column][\/vc_row][vc_row][vc_column][mk_padding_divider size=&#8221;30&#8243;][\/vc_column][\/vc_row][vc_row visibility=&#8221;hidden-sm&#8221;][vc_column width=&#8221;1\/3&#8243; css=&#8221;.vc_custom_1449139744483{background-position: center !important;background-repeat: no-repeat !important;background-size: cover !important;}&#8221;][mk_flipbox front_background_color=&#8221;#1e73be&#8221; back_background_color=&#8221;#003164&#8243; image=&#8221;http:\/\/kazanyapi.com\/wp-content\/uploads\/2018\/02\/sva2.jpg&#8221; front_title=&#8221;SIVA&#8221; front_title_size=&#8221;24&#8243; front_title_color=&#8221;#003164&#8243; back_title=&#8221;S\u0131va Bizim \u0130\u015fimiz&#8221; back_title_size=&#8221;24&#8243; back_title_color=&#8221;#ffffff&#8221; font_weight=&#8221;bold&#8221; front_desc_size=&#8221;14&#8243; front_desc_color=&#8221;#aaaaaa&#8221; button_url=&#8221;#http:\/\/kazanyapi.com\/index.php\/projects\/&#8221; button_text=&#8221;PROJELER&#8221; button_bg_color=&#8221;#fdc502&#8243; button_bg_hover_color=&#8221;#fcd032&#8243; button_text_skin=&#8221;dark&#8221;][\/vc_column][vc_column width=&#8221;1\/3&#8243;][mk_flipbox front_background_color=&#8221;#1e73be&#8221; back_background_color=&#8221;#003164&#8243; image=&#8221;http:\/\/kazanyapi.com\/wp-content\/uploads\/2018\/02\/boyac.jpeg&#8221; front_title=&#8221;BOYA&#8221; front_title_size=&#8221;24&#8243; front_title_color=&#8221;#003164&#8243; back_title=&#8221;Boya Bizim \u0130\u015fimiz&#8221; back_title_size=&#8221;24&#8243; back_title_color=&#8221;#ffffff&#8221; font_weight=&#8221;bold&#8221; front_desc_size=&#8221;14&#8243; front_desc_color=&#8221;#aaaaaa&#8221; button_url=&#8221;http:\/\/kazanyapi.com\/index.php\/projects\/&#8221; button_text=&#8221;PROJELER&#8221; button_bg_color=&#8221;#fdc502&#8243; button_bg_hover_color=&#8221;#fcd032&#8243; button_text_skin=&#8221;dark&#8221;][\/vc_column][vc_column width=&#8221;1\/3&#8243;][mk_flipbox front_background_color=&#8221;#1e73be&#8221; back_background_color=&#8221;#0066bf&#8221; image=&#8221;http:\/\/kazanyapi.com\/wp-content\/uploads\/2018\/02\/sap_1.jpg&#8221; front_title=&#8221;\u015eAP&#8221; front_title_size=&#8221;24&#8243; front_title_color=&#8221;#003164&#8243; back_title=&#8221;\u015eap Bizim \u0130\u015fimiz&#8221; back_title_size=&#8221;24&#8243; back_title_color=&#8221;#ffffff&#8221; font_weight=&#8221;bold&#8221; front_desc_size=&#8221;14&#8243; front_desc_color=&#8221;#aaaaaa&#8221; button_url=&#8221;http:\/\/kazanyapi.com\/index.php\/projects\/&#8221; button_text=&#8221;PROJELER&#8221; button_bg_color=&#8221;#003164&#8243; button_bg_hover_color=&#8221;#003164&#8243;][\/vc_column][\/vc_row][vc_row][vc_column][mk_padding_divider size=&#8221;150&#8243; visibility=&#8221;hidden-sm&#8221;][\/vc_column][\/vc_row][mk_page_section bg_image=&#8221;http:\/\/demos.artbees.net\/jupiter5\/taygete\/wp-content\/uploads\/sites\/58\/2015\/11\/call-action-bg.jpg&#8221; bg_repeat=&#8221;no-repeat&#8221; bg_stretch=&#8221;true&#8221; video_color_mask=&#8221;rgba(253,197,2,0.95)&#8221; sidebar=&#8221;sidebar-1&#8243;][vc_column width=&#8221;2\/3&#8243;][mk_fancy_title strip_tags=&#8221;true&#8221; color=&#8221;#ffffff&#8221; size=&#8221;36&#8243; force_font_size=&#8221;true&#8221; size_phone=&#8221;30&#8243; txt_transform=&#8221;none&#8221; margin_top=&#8221;40&#8243; margin_bottom=&#8221;0&#8243; font_family=&#8221;none&#8221;]\n<div class=\"mk-page-section-inner\">\n<div class=\"background-layer-holder\">\n<div id=\"background-layer--60\" class=\"background-layer mk-background-stretch none-blend-effect js-el\" data-mk-lazyload=\"false\" data-mk-img-set=\"{&quot;landscape&quot;:{&quot;external&quot;:&quot;http:\/\/demos.artbees.net\/jupiter5\/taygete\/wp-content\/uploads\/sites\/58\/2015\/11\/call-action-bg.jpg&quot;},&quot;responsive&quot;:&quot;true&quot;}\">\n<h2 class=\"mk-color-layer\">Siz de bu kaliteye sahip olmak i\u00e7in l\u00fctfen bizimle ileti\u015fime ge\u00e7in\u2026<\/h2>\n<\/div>\n<\/div>\n<\/div>\n[\/mk_fancy_title][mk_fancy_title color=&#8221;#ffffff&#8221; size=&#8221;16&#8243; txt_transform=&#8221;none&#8221; font_family=&#8221;none&#8221;]Mehmet Tahir KAZAN[\/mk_fancy_title][\/vc_column][vc_column width=&#8221;1\/3&#8243;][mk_padding_divider size=&#8221;60&#8243; visibility=&#8221;hidden-sm&#8221;][mk_button dimension=&#8221;flat&#8221; corner_style=&#8221;rounded&#8221; size=&#8221;medium&#8221; url=&#8221;http:\/\/kazanyapi.com\/index.php\/contact-us\/&#8221; animation=&#8221;flip-y&#8221; bg_color=&#8221;#003164&#8243; btn_hover_bg=&#8221;#ffffff&#8221; btn_hover_txt_color=&#8221;#003164&#8243;]\u0130LET\u0130\u015e\u0130M[\/mk_button][\/vc_column][\/mk_page_section]\n","protected":false},"excerpt":{"rendered":"<p>[mk_page_section bg_image=&#8221;http:\/\/kazanyapi.com\/wp-content\/uploads\/2018\/02\/services-banner.jpg&#8221; bg_repeat=&#8221;no-repeat&#8221; bg_stretch=&#8221;true&#8221; enable_3d=&#8221;true&#8221; bg_gradient=&#8221;horizontal&#8221; video_color_mask=&#8221;#003164&#8243; gr_end=&#8221;#fff200&#8243; video_opacity=&#8221;0.5&#8243; min_height=&#8221;675&#8243; js_vertical_centered=&#8221;true&#8221; sidebar=&#8221;sidebar-1&#8243;][vc_column][mk_fancy_title strip_tags=&#8221;true&#8221; color=&#8221;#ffffff&#8221; size=&#8221;48&#8243; force_font_size=&#8221;true&#8221; size_phone=&#8221;40&#8243; font_weight=&#8221;bold&#8221; txt_transform=&#8221;capitalize&#8221; margin_bottom=&#8221;50&#8243; font_family=&#8221;none&#8221; align=&#8221;center&#8221;] Hizmet Verdi\u011fimiz Servisler [\/mk_fancy_title][vc_row_inner][vc_column_inner width=&#8221;1\/6&#8243;][\/vc_column_inner][vc_column_inner width=&#8221;2\/3&#8243;][mk_fancy_title color=&#8221;#ffffff&#8221; size=&#8221;18&#8243; font_weight=&#8221;400&#8243; margin_bottom=&#8221;50&#8243; font_family=&#8221;none&#8221; align=&#8221;center&#8221;]\u0130n\u015faat Alan\u0131nda Bilumum T\u00fcm Sahalarda Hizmet Vermekteyiz. Siz De Bu Kaliteye Sahip Olmak \u0130\u00e7in Bize Ula\u015f\u0131n[\/mk_fancy_title][\/vc_column_inner][vc_column_inner width=&#8221;1\/6&#8243;][\/vc_column_inner][\/vc_row_inner][\/vc_column][\/mk_page_section][vc_row][vc_column][mk_padding_divider size=&#8221;140&#8243;][mk_fancy_title color=&#8221;#003164&#8243; size=&#8221;30&#8243; txt_transform=&#8221;uppercase&#8221; letter_spacing=&#8221;2&#8243; [&hellip;]<\/p>\n","protected":false},"author":1,"featured_media":0,"parent":0,"menu_order":0,"comment_status":"closed","ping_status":"closed","template":"","meta":{"footnotes":""},"_links":{"self":[{"href":"https:\/\/kazanyapi.com\/index.php\/wp-json\/wp\/v2\/pages\/394"}],"collection":[{"href":"https:\/\/kazanyapi.com\/index.php\/wp-json\/wp\/v2\/pages"}],"about":[{"href":"https:\/\/kazanyapi.com\/index.php\/wp-json\/wp\/v2\/types\/page"}],"author":[{"embeddable":true,"href":"https:\/\/kazanyapi.com\/index.php\/wp-json\/wp\/v2\/users\/1"}],"replies":[{"embeddable":true,"href":"https:\/\/kazanyapi.com\/index.php\/wp-json\/wp\/v2\/comments?post=394"}],"version-history":[{"count":7,"href":"https:\/\/kazanyapi.com\/index.php\/wp-json\/wp\/v2\/pages\/394\/revisions"}],"predecessor-version":[{"id":618,"href":"https:\/\/kazanyapi.com\/index.php\/wp-json\/wp\/v2\/pages\/394\/revisions\/618"}],"wp:attachment":[{"href":"https:\/\/kazanyapi.com\/index.php\/wp-json\/wp\/v2\/media?parent=394"}],"curies":[{"name":"wp","href":"https:\/\/api.w.org\/{rel}","templated":true}]}}