{"id":411,"date":"2015-12-03T11:00:02","date_gmt":"2015-12-03T11:00:02","guid":{"rendered":"http:\/\/demos.artbees.net\/jupiter5\/taygete\/?page_id=411"},"modified":"2018-02-16T08:18:44","modified_gmt":"2018-02-16T08:18:44","slug":"about-us","status":"publish","type":"page","link":"https:\/\/kazanyapi.com\/index.php\/about-us\/","title":{"rendered":"About Us"},"content":{"rendered":"[mk_page_section bg_image=&#8221;http:\/\/kazanyapi.com\/wp-content\/uploads\/2018\/02\/about-us-bg-2.jpg&#8221; bg_repeat=&#8221;no-repeat&#8221; bg_stretch=&#8221;true&#8221; enable_3d=&#8221;true&#8221; bg_gradient=&#8221;horizontal&#8221; video_color_mask=&#8221;#003164&#8243; gr_end=&#8221;#fff200&#8243; video_opacity=&#8221;0.5&#8243; min_height=&#8221;675&#8243; js_vertical_centered=&#8221;true&#8221; sidebar=&#8221;sidebar-1&#8243;][vc_column][mk_fancy_title strip_tags=&#8221;true&#8221; color=&#8221;#ffffff&#8221; size=&#8221;48&#8243; force_font_size=&#8221;true&#8221; size_phone=&#8221;40&#8243; font_weight=&#8221;bold&#8221; txt_transform=&#8221;capitalize&#8221; margin_bottom=&#8221;50&#8243; font_family=&#8221;none&#8221; align=&#8221;center&#8221;]Biz Kimiz&#8230;[\/mk_fancy_title][vc_row_inner][vc_column_inner width=&#8221;1\/6&#8243;][\/vc_column_inner][vc_column_inner width=&#8221;2\/3&#8243;][mk_fancy_title color=&#8221;#ffffff&#8221; size=&#8221;18&#8243; font_weight=&#8221;400&#8243; margin_bottom=&#8221;50&#8243; font_family=&#8221;none&#8221; align=&#8221;center&#8221;]Kazan Yap\u0131 \u0130n\u015faat Dekorasyon Alan\u0131nda Profesyonel , Birikimli, Yetkin, Ekibiyle \u0130n\u015faat Sekt\u00f6r\u00fcnde Aktif Olarak Hizmet Veren Bir Firmad\u0131r.[\/mk_fancy_title][\/vc_column_inner][vc_column_inner width=&#8221;1\/6&#8243;][\/vc_column_inner][\/vc_row_inner][\/vc_column][\/mk_page_section][vc_row][vc_column][mk_padding_divider size=&#8221;140&#8243;][mk_fancy_title strip_tags=&#8221;true&#8221; color=&#8221;#0066bf&#8221; size=&#8221;22&#8243; txt_transform=&#8221;uppercase&#8221; letter_spacing=&#8221;4&#8243; margin_bottom=&#8221;0&#8243; font_family=&#8221;Ubuntu&#8221; font_type=&#8221;google&#8221; align=&#8221;center&#8221;]\n<h1>HAKKIMIZDA<\/h1>\n[\/mk_fancy_title][mk_divider style=&#8221;thin_solid&#8221; divider_width=&#8221;custom_width&#8221; custom_width=&#8221;60&#8243; thin_single_color=&#8221;#fdc502&#8243; thickness=&#8221;3&#8243; margin_top=&#8221;0&#8243; margin_bottom=&#8221;60&#8243;][\/vc_column][\/vc_row][vc_row][vc_column][vc_column_text align=&#8221;center&#8221; css=&#8221;.vc_custom_1518546387895{margin-bottom: 0px !important;}&#8221;]2000 y\u0131l\u0131ndan bu yana in\u015faat sekt\u00f6r\u00fcnde hizmet vermekte olan Mehmet Tahir KAZAN taraf\u0131ndan 2018 y\u0131l\u0131nda kurulmu\u015ftur. \u0130n\u015faat sekt\u00f6r\u00fcn\u00fcn bilumum t\u00fcm alanlar\u0131nda hizmet vermekten gurur duydu\u011fumuz ticari hayat\u0131m\u0131zda aktif olarak hizmet verdi\u011fimiz dallar\u0131m\u0131z \u015funlard\u0131r;<\/p>\n<p>Kaba \u0130n\u015faat (Kal\u0131p, Demir, Duvar).<\/p>\n<p>\u0130nce \u0130\u015f\u00e7ilik (S\u0131va, Boya, \u015eap, Seramik, Parke).<\/p>\n<p>Dekorasyon (Asma Tavan).<\/p>\n<p>Mantolama.<\/p>\n<p>Su ve Elektrik Tesisat\u0131.<\/p>\n<p>&nbsp;[\/vc_column_text][\/vc_column][\/vc_row][vc_row][vc_column][mk_padding_divider size=&#8221;130&#8243; visibility=&#8221;hidden-sm&#8221;][\/vc_column][\/vc_row][mk_page_section bg_image=&#8221;http:\/\/demos.artbees.net\/jupiter5\/taygete\/wp-content\/uploads\/sites\/58\/2015\/12\/what-we-bg.jpg&#8221; bg_color=&#8221;#f0f4f5&#8243; bg_position=&#8221;right top&#8221; bg_repeat=&#8221;no-repeat&#8221; min_height=&#8221;760&#8243; js_vertical_centered=&#8221;true&#8221; top_shape_color=&#8221;#ffffff&#8221; bottom_shape_color=&#8221;#ffffff&#8221; visibility=&#8221;hidden-sm&#8221; sidebar=&#8221;sidebar-1&#8243;][vc_column width=&#8221;1\/2&#8243;][mk_fancy_title strip_tags=&#8221;true&#8221; color=&#8221;#aaaaaa&#8221; size=&#8221;16&#8243; txt_transform=&#8221;uppercase&#8221; letter_spacing=&#8221;4&#8243; margin_bottom=&#8221;0&#8243; font_family=&#8221;Ubuntu&#8221; font_type=&#8221;google&#8221;]KAL\u0130TE ANCAK ALANINDA UZMAN[\/mk_fancy_title][mk_fancy_title color=&#8221;#003164&#8243; size=&#8221;30&#8243; txt_transform=&#8221;uppercase&#8221; letter_spacing=&#8221;2&#8243; margin_bottom=&#8221;0&#8243; font_family=&#8221;Ubuntu&#8221; font_type=&#8221;google&#8221;]EK\u0130PLERLE GEL\u0130R[\/mk_fancy_title][mk_divider style=&#8221;thin_solid&#8221; divider_width=&#8221;custom_width&#8221; custom_width=&#8221;60&#8243; align=&#8221;left&#8221; thin_single_color=&#8221;#fdc502&#8243; thickness=&#8221;3&#8243; margin_top=&#8221;0&#8243; margin_bottom=&#8221;60&#8243;][vc_column_text margin_bottom=&#8221;20&#8243; css=&#8221;.vc_custom_1518546547840{margin-bottom: 20px !important;}&#8221;]\n<p style=\"text-align: center;\" align=\"center\">T\u00fcm ekiplerimiz alan\u0131nda profesyonel ve uzun bir s\u00fcredir ilerinde uzmanla\u015fm\u0131\u015f ki\u015filerden olu\u015fmaktad\u0131r. Kaliteden asla \u00f6d\u00fcn vermeyen yap\u0131s\u0131yla Kazan Yap\u0131 Dekorasyon hizmetlerine t\u00fcm h\u0131z\u0131yla devam etmektedir.<\/p>\n[\/vc_column_text][vc_row_inner is_fullwidth_content=&#8221;&#8221;][vc_column_inner width=&#8221;1\/2&#8243;][mk_icon_box icon=&#8221;mk-li-posion&#8221; title=&#8221;G\u00f6zlem ve \u00d6n G\u00f6r\u00fc\u015fme&#8221; text_size=&#8221;14&#8243; font_weight=&#8221;bold&#8221; icon_size=&#8221;medium&#8221; circled=&#8221;true&#8221; icon_color=&#8221;#003164&#8243; icon_circle_color=&#8221;#fdc502&#8243; title_color=&#8221;#003164&#8243;][\/mk_icon_box][mk_icon_box icon=&#8221;mk-moon-calendar&#8221; title=&#8221;Projelendirme&#8221; text_size=&#8221;14&#8243; font_weight=&#8221;bold&#8221; icon_size=&#8221;medium&#8221; circled=&#8221;true&#8221; icon_color=&#8221;#003164&#8243; icon_circle_color=&#8221;#fdc502&#8243; title_color=&#8221;#003164&#8243;][\/mk_icon_box][\/vc_column_inner][vc_column_inner width=&#8221;1\/2&#8243;][mk_icon_box icon=&#8221;mk-moon-flip-2&#8243; title=&#8221;Profesyonel Mimari&#8221; text_size=&#8221;14&#8243; font_weight=&#8221;bold&#8221; icon_size=&#8221;medium&#8221; circled=&#8221;true&#8221; icon_color=&#8221;#003164&#8243; icon_circle_color=&#8221;#fdc502&#8243; title_color=&#8221;#003164&#8243;][\/mk_icon_box][mk_icon_box icon=&#8221;mk-moon-align-left&#8221; title=&#8221;Deneyimli \u0130\u015f\u00e7ilik&#8221; text_size=&#8221;14&#8243; font_weight=&#8221;bold&#8221; icon_size=&#8221;medium&#8221; circled=&#8221;true&#8221; icon_color=&#8221;#003164&#8243; icon_circle_color=&#8221;#fdc502&#8243; title_color=&#8221;#003164&#8243;][\/mk_icon_box][\/vc_column_inner][\/vc_row_inner][\/vc_column][vc_column width=&#8221;1\/2&#8243;][\/vc_column][\/mk_page_section][vc_row][vc_column][mk_padding_divider size=&#8221;30&#8243;][\/vc_column][\/vc_row][mk_page_section bg_image=&#8221;http:\/\/kazanyapi.com\/wp-content\/uploads\/2018\/02\/employees-bg.jpg&#8221; bg_repeat=&#8221;no-repeat&#8221; bg_stretch=&#8221;true&#8221; enable_3d=&#8221;true&#8221; bg_gradient=&#8221;horizontal&#8221; video_color_mask=&#8221;#003164&#8243; gr_end=&#8221;#fff200&#8243; video_opacity=&#8221;0.5&#8243; padding_top=&#8221;140&#8243; padding_bottom=&#8221;45&#8243; sidebar=&#8221;sidebar-1&#8243;][vc_column][mk_fancy_title color=&#8221;#ffffff&#8221; size=&#8221;16&#8243; txt_transform=&#8221;uppercase&#8221; letter_spacing=&#8221;4&#8243; margin_bottom=&#8221;0&#8243; font_family=&#8221;Ubuntu&#8221; font_type=&#8221;google&#8221; align=&#8221;center&#8221;]B\u0130RL\u0130KTEN KUVVET DO\u011eAR FELSEFES\u0130YLE[\/mk_fancy_title][mk_fancy_title color=&#8221;#003164&#8243; size=&#8221;30&#8243; txt_transform=&#8221;uppercase&#8221; letter_spacing=&#8221;2&#8243; margin_bottom=&#8221;0&#8243; font_family=&#8221;Ubuntu&#8221; font_type=&#8221;google&#8221; align=&#8221;center&#8221;]EK\u0130B\u0130M\u0130Z[\/mk_fancy_title][mk_divider style=&#8221;thin_solid&#8221; divider_width=&#8221;custom_width&#8221; custom_width=&#8221;60&#8243; thin_single_color=&#8221;#fdc502&#8243; thickness=&#8221;3&#8243; margin_top=&#8221;0&#8243; margin_bottom=&#8221;60&#8243;][mk_employees style=&#8221;classic&#8221; column=&#8221;4&#8243; count=&#8221;4&#8243; description=&#8221;false&#8221;][\/vc_column][\/mk_page_section][vc_row][vc_column][mk_padding_divider size=&#8221;140&#8243;][mk_fancy_title color=&#8221;#003164&#8243; size=&#8221;30&#8243; txt_transform=&#8221;uppercase&#8221; letter_spacing=&#8221;2&#8243; margin_bottom=&#8221;0&#8243; font_family=&#8221;Ubuntu&#8221; font_type=&#8221;google&#8221; align=&#8221;center&#8221;]SIK SORULAN SORULAR[\/mk_fancy_title][mk_divider style=&#8221;thin_solid&#8221; divider_width=&#8221;custom_width&#8221; custom_width=&#8221;60&#8243; thin_single_color=&#8221;#fdc502&#8243; thickness=&#8221;3&#8243; margin_top=&#8221;0&#8243; margin_bottom=&#8221;60&#8243;][mk_faq style=&#8221;simple&#8221; view_all_text=&#8221;&#8221; sortable=&#8221;false&#8221; count=&#8221;4&#8243;][\/vc_column][\/vc_row][vc_row][vc_column][mk_padding_divider size=&#8221;20&#8243;][mk_padding_divider size=&#8221;90&#8243; visibility=&#8221;hidden-sm&#8221;][\/vc_column][\/vc_row][mk_page_section bg_image=&#8221;http:\/\/demos.artbees.net\/jupiter5\/taygete\/wp-content\/uploads\/sites\/58\/2015\/11\/call-action-bg.jpg&#8221; bg_repeat=&#8221;no-repeat&#8221; bg_stretch=&#8221;true&#8221; video_color_mask=&#8221;rgba(253,197,2,0.95)&#8221; sidebar=&#8221;sidebar-1&#8243;][vc_column width=&#8221;2\/3&#8243;][mk_fancy_title strip_tags=&#8221;true&#8221; color=&#8221;#ffffff&#8221; size=&#8221;36&#8243; force_font_size=&#8221;true&#8221; size_phone=&#8221;30&#8243; txt_transform=&#8221;none&#8221; margin_top=&#8221;40&#8243; margin_bottom=&#8221;0&#8243; font_family=&#8221;none&#8221;]\n<div class=\"mk-page-section-inner\">\n<div class=\"background-layer-holder\">\n<div id=\"background-layer--41\" class=\"background-layer mk-background-stretch none-blend-effect js-el\" data-mk-lazyload=\"false\" data-mk-img-set=\"{&quot;landscape&quot;:{&quot;external&quot;:&quot;http:\/\/demos.artbees.net\/jupiter5\/taygete\/wp-content\/uploads\/sites\/58\/2015\/11\/call-action-bg.jpg&quot;},&quot;responsive&quot;:&quot;true&quot;}\">\n<h2 class=\"mk-color-layer\">Siz de bu kaliteye sahip olmak i\u00e7in l\u00fctfen bizimle ileti\u015fime ge\u00e7in<\/h2>\n<\/div>\n<\/div>\n<\/div>\n[\/mk_fancy_title][mk_fancy_title color=&#8221;#ffffff&#8221; size=&#8221;16&#8243; txt_transform=&#8221;none&#8221; font_family=&#8221;none&#8221;]Mehmet Tahir KAZAN[\/mk_fancy_title][\/vc_column][vc_column width=&#8221;1\/3&#8243;][mk_padding_divider size=&#8221;60&#8243; visibility=&#8221;hidden-sm&#8221;][mk_button dimension=&#8221;flat&#8221; corner_style=&#8221;rounded&#8221; size=&#8221;medium&#8221; url=&#8221;http:\/\/kazanyapi.com\/index.php\/contact-us\/&#8221; animation=&#8221;flip-y&#8221; bg_color=&#8221;#003164&#8243; btn_hover_bg=&#8221;#ffffff&#8221; btn_hover_txt_color=&#8221;#003164&#8243;]\u0130LET\u0130\u015e\u0130M[\/mk_button][\/vc_column][\/mk_page_section]\n","protected":false},"excerpt":{"rendered":"<p>[mk_page_section bg_image=&#8221;http:\/\/kazanyapi.com\/wp-content\/uploads\/2018\/02\/about-us-bg-2.jpg&#8221; bg_repeat=&#8221;no-repeat&#8221; bg_stretch=&#8221;true&#8221; enable_3d=&#8221;true&#8221; bg_gradient=&#8221;horizontal&#8221; video_color_mask=&#8221;#003164&#8243; gr_end=&#8221;#fff200&#8243; video_opacity=&#8221;0.5&#8243; min_height=&#8221;675&#8243; js_vertical_centered=&#8221;true&#8221; sidebar=&#8221;sidebar-1&#8243;][vc_column][mk_fancy_title strip_tags=&#8221;true&#8221; color=&#8221;#ffffff&#8221; size=&#8221;48&#8243; force_font_size=&#8221;true&#8221; size_phone=&#8221;40&#8243; font_weight=&#8221;bold&#8221; txt_transform=&#8221;capitalize&#8221; margin_bottom=&#8221;50&#8243; font_family=&#8221;none&#8221; align=&#8221;center&#8221;]Biz Kimiz&#8230;[\/mk_fancy_title][vc_row_inner][vc_column_inner width=&#8221;1\/6&#8243;][\/vc_column_inner][vc_column_inner width=&#8221;2\/3&#8243;][mk_fancy_title color=&#8221;#ffffff&#8221; size=&#8221;18&#8243; font_weight=&#8221;400&#8243; margin_bottom=&#8221;50&#8243; font_family=&#8221;none&#8221; align=&#8221;center&#8221;]Kazan Yap\u0131 \u0130n\u015faat Dekorasyon Alan\u0131nda Profesyonel , Birikimli, Yetkin, Ekibiyle \u0130n\u015faat Sekt\u00f6r\u00fcnde Aktif Olarak Hizmet Veren Bir Firmad\u0131r.[\/mk_fancy_title][\/vc_column_inner][vc_column_inner width=&#8221;1\/6&#8243;][\/vc_column_inner][\/vc_row_inner][\/vc_column][\/mk_page_section][vc_row][vc_column][mk_padding_divider size=&#8221;140&#8243;][mk_fancy_title strip_tags=&#8221;true&#8221; color=&#8221;#0066bf&#8221; size=&#8221;22&#8243; txt_transform=&#8221;uppercase&#8221; letter_spacing=&#8221;4&#8243; [&hellip;]<\/p>\n","protected":false},"author":1,"featured_media":0,"parent":0,"menu_order":0,"comment_status":"closed","ping_status":"closed","template":"","meta":{"footnotes":""},"_links":{"self":[{"href":"https:\/\/kazanyapi.com\/index.php\/wp-json\/wp\/v2\/pages\/411"}],"collection":[{"href":"https:\/\/kazanyapi.com\/index.php\/wp-json\/wp\/v2\/pages"}],"about":[{"href":"https:\/\/kazanyapi.com\/index.php\/wp-json\/wp\/v2\/types\/page"}],"author":[{"embeddable":true,"href":"https:\/\/kazanyapi.com\/index.php\/wp-json\/wp\/v2\/users\/1"}],"replies":[{"embeddable":true,"href":"https:\/\/kazanyapi.com\/index.php\/wp-json\/wp\/v2\/comments?post=411"}],"version-history":[{"count":12,"href":"https:\/\/kazanyapi.com\/index.php\/wp-json\/wp\/v2\/pages\/411\/revisions"}],"predecessor-version":[{"id":610,"href":"https:\/\/kazanyapi.com\/index.php\/wp-json\/wp\/v2\/pages\/411\/revisions\/610"}],"wp:attachment":[{"href":"https:\/\/kazanyapi.com\/index.php\/wp-json\/wp\/v2\/media?parent=411"}],"curies":[{"name":"wp","href":"https:\/\/api.w.org\/{rel}","templated":true}]}}