{"id":5,"date":"2015-11-02T15:03:34","date_gmt":"2015-11-02T15:03:34","guid":{"rendered":"http:\/\/demos.artbees.net\/jupiter5\/taygete\/?page_id=5"},"modified":"2018-04-02T07:25:21","modified_gmt":"2018-04-02T07:25:21","slug":"home","status":"publish","type":"page","link":"https:\/\/kazanyapi.com\/","title":{"rendered":"ANASAYFA"},"content":{"rendered":"[mk_page_section bg_image=&#8221;http:\/\/kazanyapi.com\/wp-content\/uploads\/2018\/02\/home-header.jpg&#8221; bg_repeat=&#8221;no-repeat&#8221; bg_stretch=&#8221;true&#8221; min_height=&#8221;0&#8243; padding_top=&#8221;0&#8243; padding_bottom=&#8221;0&#8243; sidebar=&#8221;sidebar-1&#8243;][vc_column][mk_padding_divider size=&#8221;60&#8243; visibility=&#8221;visible-sm&#8221;][mk_padding_divider size=&#8221;200&#8243; visibility=&#8221;hidden-sm&#8221;][mk_fancy_title color=&#8221;#fdc502&#8243; size=&#8221;50&#8243; force_font_size=&#8221;true&#8221; size_phone=&#8221;20&#8243; txt_transform=&#8221;uppercase&#8221; margin_bottom=&#8221;0&#8243; font_family=&#8221;Ubuntu&#8221; font_type=&#8221;google&#8221; align=&#8221;center&#8221;]BA\u015eARIYA G\u0130DEN YOL[\/mk_fancy_title][mk_fancy_title color=&#8221;#fdc502&#8243; size=&#8221;72&#8243; force_font_size=&#8221;true&#8221; size_phone=&#8221;35&#8243; font_weight=&#8221;bold&#8221; txt_transform=&#8221;uppercase&#8221; margin_bottom=&#8221;80&#8243; font_family=&#8221;Ubuntu&#8221; font_type=&#8221;google&#8221; align=&#8221;center&#8221; animation=&#8221;fade-in&#8221;]KAZAN YAPI \u0130N\u015eAAT DEKORASYON&#8230;[\/mk_fancy_title][vc_row_inner is_fullwidth_content=&#8221;false&#8221;][vc_column_inner width=&#8221;1\/3&#8243;][mk_image src=&#8221;http:\/\/demos.artbees.net\/jupiter5\/taygete\/wp-content\/uploads\/sites\/58\/2015\/11\/home-head-img-01.jpg&#8221; image_size=&#8221;full&#8221; align=&#8221;center&#8221; margin_bottom=&#8221;0&#8243;][mk_divider style=&#8221;thin_solid&#8221; thin_single_color=&#8221;#fdc502&#8243; thickness=&#8221;7&#8243; margin_top=&#8221;0&#8243; margin_bottom=&#8221;0&#8243;][\/vc_column_inner][vc_column_inner width=&#8221;1\/3&#8243;][mk_image src=&#8221;http:\/\/kazanyapi.com\/wp-content\/uploads\/2018\/02\/anahtar-teslim.jpg&#8221; image_size=&#8221;full&#8221; align=&#8221;center&#8221; margin_bottom=&#8221;-50&#8243; crop=&#8221;false&#8221;][mk_divider style=&#8221;thin_solid&#8221; thin_single_color=&#8221;#fdc502&#8243; thickness=&#8221;7&#8243; margin_top=&#8221;0&#8243; margin_bottom=&#8221;0&#8243;][\/vc_column_inner][vc_column_inner width=&#8221;1\/3&#8243;][mk_image src=&#8221;http:\/\/demos.artbees.net\/jupiter5\/taygete\/wp-content\/uploads\/sites\/58\/2015\/11\/home-head-img-03.jpg&#8221; image_size=&#8221;full&#8221; margin_bottom=&#8221;1&#8243; crop=&#8221;false&#8221;][mk_divider style=&#8221;thin_solid&#8221; thin_single_color=&#8221;#fdc502&#8243; thickness=&#8221;7&#8243; margin_top=&#8221;0&#8243; margin_bottom=&#8221;0&#8243;][\/vc_column_inner][\/vc_row_inner][\/vc_column][\/mk_page_section][mk_page_section bg_color=&#8221;#003164&#8243; bg_repeat=&#8221;no-repeat&#8221; bg_stretch=&#8221;true&#8221; min_height=&#8221;0&#8243; padding_top=&#8221;0&#8243; padding_bottom=&#8221;0&#8243; sidebar=&#8221;sidebar-1&#8243;][vc_column][vc_row_inner is_fullwidth_content=&#8221;false&#8221; visibility=&#8221;hidden-sm&#8221;][vc_column_inner width=&#8221;1\/3&#8243;][mk_custom_box bg_color=&#8221;#ffffff&#8221;][mk_fancy_title color=&#8221;#003164&#8243; size=&#8221;18&#8243; font_weight=&#8221;bold&#8221; txt_transform=&#8221;uppercase&#8221; margin_bottom=&#8221;0&#8243; font_family=&#8221;none&#8221; align=&#8221;center&#8221;]KABA \u0130N\u015eAAT[\/mk_fancy_title][vc_column_text align=&#8221;center&#8221; css=&#8221;.vc_custom_1518524985097{margin-bottom: 0px !important;}&#8221;]Kaba in\u015faat dal\u0131nda profesyonel olan ekibimiz ile sizlerin projelerine imzam\u0131z\u0131 gururla atmaktay\u0131z.<\/p>\n<p>&nbsp;[\/vc_column_text][mk_button dimension=&#8221;flat&#8221; corner_style=&#8221;rounded&#8221; url=&#8221;http:\/\/kazanyapi.com\/index.php\/projects\/&#8221; align=&#8221;center&#8221; bg_color=&#8221;#003164&#8243; btn_hover_bg=&#8221;#fdc502&#8243; btn_hover_txt_color=&#8221;#000000&#8243;]DAHASI[\/mk_button][\/mk_custom_box][\/vc_column_inner][vc_column_inner width=&#8221;1\/3&#8243;][mk_custom_box padding_vertical=&#8221;37&#8243; bg_color=&#8221;#ffffff&#8221;][mk_fancy_title color=&#8221;#003164&#8243; size=&#8221;18&#8243; font_weight=&#8221;bold&#8221; txt_transform=&#8221;uppercase&#8221; margin_bottom=&#8221;0&#8243; font_family=&#8221;none&#8221; align=&#8221;center&#8221;]ANAHTAR TESL\u0130M[\/mk_fancy_title][vc_column_text align=&#8221;center&#8221; css=&#8221;.vc_custom_1518525319246{margin-bottom: 0px !important;}&#8221;]Projelerinizi anahtar teslimi bize emanet edebilirsiniz. \u00c7al\u0131\u015fmalar\u0131n\u0131z profesyonel ekiplerimiz taraf\u0131ndan y\u00fcr\u00fct\u00fcls\u00fcn.[\/vc_column_text][mk_button dimension=&#8221;flat&#8221; corner_style=&#8221;rounded&#8221; url=&#8221;http:\/\/kazanyapi.com\/index.php\/projects\/&#8221; align=&#8221;center&#8221; bg_color=&#8221;#003164&#8243; btn_hover_bg=&#8221;#fdc502&#8243; btn_hover_txt_color=&#8221;#000000&#8243;]DAHASI[\/mk_button][\/mk_custom_box][\/vc_column_inner][vc_column_inner width=&#8221;1\/3&#8243;][mk_custom_box bg_color=&#8221;#ffffff&#8221;][mk_fancy_title color=&#8221;#003164&#8243; size=&#8221;18&#8243; font_weight=&#8221;bold&#8221; txt_transform=&#8221;uppercase&#8221; margin_bottom=&#8221;0&#8243; font_family=&#8221;none&#8221; align=&#8221;center&#8221;]DEKORASYON[\/mk_fancy_title][vc_column_text align=&#8221;center&#8221; css=&#8221;.vc_custom_1518525364350{margin-bottom: 0px !important;}&#8221;]Projelerinizin dekoratif yap\u0131s\u0131 kazan yap\u0131 in\u015faat sanatsal bak\u0131\u015f a\u00e7\u0131s\u0131 ile uygulans\u0131n. Hayat\u0131n\u0131za estetik kats\u0131n\u2026[\/vc_column_text][mk_button dimension=&#8221;flat&#8221; corner_style=&#8221;rounded&#8221; url=&#8221;http:\/\/kazanyapi.com\/index.php\/projects\/&#8221; align=&#8221;center&#8221; bg_color=&#8221;#003164&#8243; btn_hover_bg=&#8221;#fdc502&#8243; btn_hover_txt_color=&#8221;#000000&#8243;]DAHASI[\/mk_button][\/mk_custom_box][\/vc_column_inner][\/vc_row_inner][\/vc_column][\/mk_page_section][mk_page_section bg_color=&#8221;#003164&#8243; min_height=&#8221;0&#8243; padding_top=&#8221;120&#8243; padding_bottom=&#8221;120&#8243; sidebar=&#8221;sidebar-1&#8243;][vc_column][mk_fancy_title color=&#8221;#ffffff&#8221; size=&#8221;30&#8243; txt_transform=&#8221;uppercase&#8221; letter_spacing=&#8221;2&#8243; margin_bottom=&#8221;0&#8243; font_family=&#8221;Ubuntu&#8221; font_type=&#8221;google&#8221; align=&#8221;center&#8221;]HAKKIMIZDA[\/mk_fancy_title][mk_divider style=&#8221;thin_solid&#8221; divider_width=&#8221;custom_width&#8221; custom_width=&#8221;60&#8243; thin_single_color=&#8221;#fdc502&#8243; thickness=&#8221;3&#8243; margin_top=&#8221;0&#8243; margin_bottom=&#8221;60&#8243;][vc_row_inner][vc_column_inner width=&#8221;1\/3&#8243;][mk_fancy_title color=&#8221;#ffffff&#8221; size=&#8221;48&#8243; font_weight=&#8221;bold&#8221; txt_transform=&#8221;capitalize&#8221; margin_bottom=&#8221;0&#8243; font_family=&#8221;Ubuntu&#8221; font_type=&#8221;google&#8221;]\u0130\u015f \u00d6nceli\u011fimiz\u00a0 G\u00fcvenliktir[\/mk_fancy_title][mk_button dimension=&#8221;flat&#8221; corner_style=&#8221;rounded&#8221; size=&#8221;medium&#8221; url=&#8221;http:\/\/kazanyapi.com\/index.php\/about-us\/&#8221; margin_top=&#8221;10&#8243; margin_bottom=&#8221;0&#8243; animation=&#8221;flip-y&#8221; btn_hover_bg=&#8221;#fdc502&#8243; text_color=&#8221;dark&#8221; btn_hover_txt_color=&#8221;#003164&#8243;]DAHA FAZLASI[\/mk_button][mk_padding_divider size=&#8221;80&#8243; visibility=&#8221;visible-sm&#8221;][\/vc_column_inner][vc_column_inner width=&#8221;1\/3&#8243;][mk_icon_box icon=&#8221;mk-moon-people&#8221; title=&#8221;G\u00fcvenlik&#8221; text_size=&#8221;24&#8243; font_weight=&#8221;bold&#8221; icon_size=&#8221;large&#8221; icon_color=&#8221;&#8221; icon_circle_color=&#8221;&#8221; title_color=&#8221;#ffffff&#8221; txt_color=&#8221;#aaaaaa&#8221;]G\u00fcvenli ve sa\u011fl\u0131kl\u0131 \u00e7al\u0131\u015fman\u0131n yolu; Dikkat ,disiplin ve programl\u0131 \u00e7al\u0131\u015fmaktan ge\u00e7er.[\/mk_icon_box][mk_icon_box icon=&#8221;mk-moon-lab&#8221; title=&#8221;Uygulama&#8221; text_size=&#8221;24&#8243; font_weight=&#8221;bold&#8221; icon_size=&#8221;large&#8221; icon_color=&#8221;&#8221; icon_circle_color=&#8221;&#8221; title_color=&#8221;#ffffff&#8221; txt_color=&#8221;#aaaaaa&#8221;]Planlanm\u0131\u015f i\u015flerimizi verdi\u011fimiz s\u00fcre i\u00e7inde itinayla sonu\u00e7land\u0131r\u0131r\u0131z.[\/mk_icon_box][\/vc_column_inner][vc_column_inner width=&#8221;1\/3&#8243;][mk_icon_box icon=&#8221;mk-moon-clipboard-2&#8243; title=&#8221;Planlama&#8221; text_size=&#8221;24&#8243; font_weight=&#8221;bold&#8221; icon_size=&#8221;large&#8221; icon_color=&#8221;&#8221; icon_circle_color=&#8221;&#8221; title_color=&#8221;#ffffff&#8221; txt_color=&#8221;#aaaaaa&#8221;]\u00d6nceden yap\u0131lan planlama. Zaman kayb\u0131 de\u011fil, zaman kazanmak demektir.[\/mk_icon_box][mk_icon_box icon=&#8221;mk-moon-stats-3&#8243; title=&#8221;\u0130\u015f Teslimi&#8221; text_size=&#8221;27&#8243; font_weight=&#8221;bold&#8221; icon_size=&#8221;large&#8221; icon_color=&#8221;&#8221; icon_circle_color=&#8221;&#8221; title_color=&#8221;#ffffff&#8221; txt_color=&#8221;#aaaaaa&#8221; margin=&#8221;20&#8243;]\u0130\u015f teslim s\u00fcrecinde t\u00fcm s\u00f6zlerimizin garant\u00f6r\u00fc biziz.<\/p>\n<p>&nbsp;[\/mk_icon_box][\/vc_column_inner][\/vc_row_inner][\/vc_column][\/mk_page_section][vc_row][vc_column width=&#8221;1\/2&#8243;][mk_padding_divider size=&#8221;120&#8243; visibility=&#8221;hidden-sm&#8221;][mk_padding_divider size=&#8221;60&#8243; visibility=&#8221;visible-sm&#8221;][mk_fancy_title color=&#8221;#003164&#8243; size=&#8221;48&#8243; font_weight=&#8221;bold&#8221; txt_transform=&#8221;none&#8221; margin_bottom=&#8221;0&#8243; font_family=&#8221;Ubuntu&#8221; font_type=&#8221;google&#8221;]Profesyonellik,y\u0131llar\u0131n verdi\u011fi birikimle olur&#8230;[\/mk_fancy_title][mk_fancy_title color=&#8221;#003164&#8243; size=&#8221;24&#8243; font_weight=&#8221;bold&#8221; txt_transform=&#8221;capitalize&#8221; margin_top=&#8221;60&#8243; margin_bottom=&#8221;0&#8243; font_family=&#8221;Ubuntu&#8221; font_type=&#8221;google&#8221;]\u0130lk standartlar\u0131m\u0131z;[\/mk_fancy_title][mk_custom_list style=&#8221;f138&#8243;]\n<ul>\n<li>Kaliteden asla \u00f6d\u00fcn vermeyiz.<\/li>\n<li>G\u00fcvenlik bir numaral\u0131 \u00f6nceli\u011fimizdir.<\/li>\n<li>\u0130\u015flerimizi seri bir bi\u00e7imde s\u00f6z\u00fcm\u00fczde durdu\u011fumuz \u015fekilde bitiririz.<\/li>\n<li>Yapt\u0131\u011f\u0131m\u0131z i\u015fler yapacaklar\u0131m\u0131z\u0131n teminat\u0131d\u0131r.<\/li>\n<\/ul>\n[\/mk_custom_list][\/vc_column][vc_column width=&#8221;1\/2&#8243;][mk_padding_divider size=&#8221;30&#8243;][mk_image src=&#8221;http:\/\/kazanyapi.com\/wp-content\/uploads\/2018\/04\/home-worker.jpg&#8221; image_width=&#8221;630&#8243; image_height=&#8221;796&#8243; desc=&#8221;Marcus Tullius Cicero&#8221; margin_bottom=&#8221;0&#8243;][\/vc_column][\/vc_row][mk_page_section bg_image=&#8221;http:\/\/demos.artbees.net\/jupiter5\/taygete\/wp-content\/uploads\/sites\/58\/2015\/11\/home-testimonial-bg.jpg&#8221; attachment=&#8221;fixed&#8221; bg_repeat=&#8221;no-repeat&#8221; bg_stretch=&#8221;true&#8221; min_height=&#8221;0&#8243; padding_top=&#8221;120&#8243; padding_bottom=&#8221;100&#8243; sidebar=&#8221;sidebar-1&#8243;][vc_column][mk_fancy_title color=&#8221;#ffffff&#8221; size=&#8221;16&#8243; txt_transform=&#8221;uppercase&#8221; letter_spacing=&#8221;4&#8243; margin_bottom=&#8221;0&#8243; font_family=&#8221;Ubuntu&#8221; font_type=&#8221;google&#8221; align=&#8221;center&#8221;]B\u0130R \u00c7OK PROFESYONEL[\/mk_fancy_title][mk_fancy_title color=&#8221;#003164&#8243; size=&#8221;30&#8243; force_font_size=&#8221;true&#8221; size_phone=&#8221;25&#8243; txt_transform=&#8221;uppercase&#8221; letter_spacing=&#8221;2&#8243; margin_bottom=&#8221;0&#8243; font_family=&#8221;Ubuntu&#8221; font_type=&#8221;google&#8221; align=&#8221;center&#8221;]M\u0130MAR\u0130N\u0130N \u0130MZASI B\u0130Z\u0130Z[\/mk_fancy_title][mk_divider style=&#8221;thin_solid&#8221; divider_width=&#8221;custom_width&#8221; custom_width=&#8221;60&#8243; thin_single_color=&#8221;#fdc502&#8243; thickness=&#8221;3&#8243; margin_top=&#8221;0&#8243; margin_bottom=&#8221;60&#8243;][mk_testimonials skin=&#8221;light&#8221; count=&#8221;3&#8243; animation_speed=&#8221;400&#8243; slideshow_speed=&#8221;4000&#8243;][\/vc_column][\/mk_page_section][vc_row][vc_column][mk_padding_divider size=&#8221;120&#8243;][mk_fancy_title color=&#8221;#aaaaaa&#8221; size=&#8221;16&#8243; txt_transform=&#8221;uppercase&#8221; letter_spacing=&#8221;4&#8243; margin_bottom=&#8221;0&#8243; font_family=&#8221;Ubuntu&#8221; font_type=&#8221;google&#8221; align=&#8221;center&#8221;]\u0130\u015eTE MUHTE\u015eEM[\/mk_fancy_title][mk_fancy_title color=&#8221;#003164&#8243; size=&#8221;30&#8243; txt_transform=&#8221;uppercase&#8221; letter_spacing=&#8221;2&#8243; margin_bottom=&#8221;0&#8243; font_family=&#8221;Ubuntu&#8221; font_type=&#8221;google&#8221; align=&#8221;center&#8221;]PROJELER\u0130M\u0130Z[\/mk_fancy_title][mk_divider style=&#8221;thin_solid&#8221; divider_width=&#8221;custom_width&#8221; custom_width=&#8221;60&#8243; thin_single_color=&#8221;#fdc502&#8243; thickness=&#8221;3&#8243; margin_top=&#8221;0&#8243; margin_bottom=&#8221;60&#8243;][\/vc_column][\/vc_row][vc_row fullwidth=&#8221;true&#8221; css=&#8221;.vc_custom_1446630945299{padding-top: 0px !important;padding-right: 0px !important;padding-bottom: 0px !important;padding-left: 0px !important;}&#8221;][vc_column][mk_portfolio style=&#8221;grid&#8221; hover_scenarios=&#8221;zoomin&#8221; grid_spacing=&#8221;28&#8243; height=&#8221;200&#8243; count=&#8221;6&#8243; sortable_align=&#8221;center&#8221; sortable_all_text=&#8221;T\u00fcm\u00fc&#8221; pagination=&#8221;false&#8221; image_quality=&#8221;2&#8243; item_id=&#8221;1446630882-5639d5e222256&#8243;][\/vc_column][\/vc_row][vc_row][vc_column][mk_padding_divider size=&#8221;130&#8243; visibility=&#8221;hidden-sm&#8221;][mk_padding_divider size=&#8221;60&#8243; visibility=&#8221;visible-sm&#8221;][\/vc_column][\/vc_row][mk_page_section bg_color=&#8221;#fdc502&#8243; sidebar=&#8221;sidebar-1&#8243;][vc_column][mk_padding_divider size=&#8221;100&#8243; visibility=&#8221;hidden-sm&#8221;][mk_padding_divider size=&#8221;80&#8243; visibility=&#8221;visible-sm&#8221;][mk_fancy_title color=&#8221;#ffffff&#8221; size=&#8221;16&#8243; txt_transform=&#8221;uppercase&#8221; letter_spacing=&#8221;4&#8243; margin_bottom=&#8221;0&#8243; font_family=&#8221;Ubuntu&#8221; font_type=&#8221;google&#8221; align=&#8221;center&#8221;]B\u0130R \u00c7OK M\u00dcKEMMEL[\/mk_fancy_title][mk_fancy_title color=&#8221;#003164&#8243; size=&#8221;30&#8243; txt_transform=&#8221;uppercase&#8221; letter_spacing=&#8221;2&#8243; margin_bottom=&#8221;0&#8243; font_family=&#8221;Ubuntu&#8221; font_type=&#8221;google&#8221; align=&#8221;center&#8221;]YAPITA\u015eIMIZ[\/mk_fancy_title][mk_divider style=&#8221;thin_solid&#8221; divider_width=&#8221;custom_width&#8221; custom_width=&#8221;60&#8243; thin_single_color=&#8221;#ffffff&#8221; thickness=&#8221;3&#8243; margin_top=&#8221;0&#8243; margin_bottom=&#8221;60&#8243;][vc_row_inner][vc_column_inner width=&#8221;1\/4&#8243;][mk_milestone icon=&#8221;mk-li-user&#8221; icon_size=&#8221;medium&#8221; align=&#8221;center&#8221; icon_color=&#8221;#003164&#8243; stop=&#8221;15&#8243; text=&#8221;Mutlu \u00c7al\u0131\u015fan&#8221; text_color=&#8221;#ffffff&#8221; font_family=&#8221;none&#8221; desc_size=&#8221;16&#8243;][\/vc_column_inner][vc_column_inner width=&#8221;1\/4&#8243;][mk_milestone icon=&#8221;mk-li-unlock&#8221; icon_size=&#8221;medium&#8221; align=&#8221;center&#8221; icon_color=&#8221;#003164&#8243; stop=&#8221;26&#8243; text=&#8221;Mutlu \u0130\u015fveren&#8221; text_color=&#8221;#ffffff&#8221; font_family=&#8221;none&#8221; desc_size=&#8221;16&#8243;][\/vc_column_inner][vc_column_inner width=&#8221;1\/4&#8243;][mk_milestone icon=&#8221;mk-li-star&#8221; icon_size=&#8221;medium&#8221; align=&#8221;center&#8221; icon_color=&#8221;#003164&#8243; stop=&#8221;80&#8243; text=&#8221;\u0130\u015f Bitirme&#8221; text_color=&#8221;#ffffff&#8221; font_family=&#8221;none&#8221; desc_size=&#8221;16&#8243;][\/vc_column_inner][vc_column_inner width=&#8221;1\/4&#8243;][mk_milestone icon=&#8221;mk-li-shield&#8221; icon_size=&#8221;medium&#8221; align=&#8221;center&#8221; icon_color=&#8221;#003164&#8243; stop=&#8221;42&#8243; text=&#8221;Sahipendirme&#8221; text_color=&#8221;#ffffff&#8221; font_family=&#8221;none&#8221; desc_size=&#8221;16&#8243;][\/vc_column_inner][\/vc_row_inner][mk_padding_divider size=&#8221;120&#8243; visibility=&#8221;hidden-sm&#8221;][mk_padding_divider visibility=&#8221;visible-sm&#8221;][\/vc_column][\/mk_page_section][mk_page_section bg_image=&#8221;http:\/\/demos.artbees.net\/jupiter5\/taygete\/wp-content\/uploads\/sites\/58\/2015\/11\/call-action-bg.jpg&#8221; bg_repeat=&#8221;no-repeat&#8221; bg_stretch=&#8221;true&#8221; video_color_mask=&#8221;rgba(253,197,2,0.95)&#8221; sidebar=&#8221;sidebar-1&#8243;][vc_column width=&#8221;2\/3&#8243;][mk_fancy_title color=&#8221;#ffffff&#8221; size=&#8221;30&#8243; force_font_size=&#8221;true&#8221; size_phone=&#8221;30&#8243; txt_transform=&#8221;none&#8221; margin_top=&#8221;40&#8243; margin_bottom=&#8221;0&#8243; font_family=&#8221;none&#8221;]Siz de bu kaliteye sahip olmak i\u00e7in l\u00fctfen bizimle ileti\u015fime ge\u00e7in&#8230;[\/mk_fancy_title][mk_fancy_title color=&#8221;#ffffff&#8221; size=&#8221;16&#8243; txt_transform=&#8221;none&#8221; font_family=&#8221;none&#8221;]Mehmet Tahir Kazan[\/mk_fancy_title][\/vc_column][vc_column width=&#8221;1\/3&#8243;][mk_padding_divider size=&#8221;60&#8243; visibility=&#8221;hidden-sm&#8221;][mk_button dimension=&#8221;flat&#8221; corner_style=&#8221;rounded&#8221; size=&#8221;medium&#8221; url=&#8221;http:\/\/kazanyapi.com\/index.php\/contact-us\/&#8221; animation=&#8221;flip-y&#8221; bg_color=&#8221;#003164&#8243; btn_hover_bg=&#8221;#ffffff&#8221; btn_hover_txt_color=&#8221;#003164&#8243;]\u0130LET\u0130\u015e\u0130M[\/mk_button][\/vc_column][\/mk_page_section]\n","protected":false},"excerpt":{"rendered":"<p>[mk_page_section bg_image=&#8221;http:\/\/kazanyapi.com\/wp-content\/uploads\/2018\/02\/home-header.jpg&#8221; bg_repeat=&#8221;no-repeat&#8221; bg_stretch=&#8221;true&#8221; min_height=&#8221;0&#8243; padding_top=&#8221;0&#8243; padding_bottom=&#8221;0&#8243; sidebar=&#8221;sidebar-1&#8243;][vc_column][mk_padding_divider size=&#8221;60&#8243; visibility=&#8221;visible-sm&#8221;][mk_padding_divider size=&#8221;200&#8243; visibility=&#8221;hidden-sm&#8221;][mk_fancy_title color=&#8221;#fdc502&#8243; size=&#8221;50&#8243; force_font_size=&#8221;true&#8221; size_phone=&#8221;20&#8243; txt_transform=&#8221;uppercase&#8221; margin_bottom=&#8221;0&#8243; font_family=&#8221;Ubuntu&#8221; font_type=&#8221;google&#8221; align=&#8221;center&#8221;]BA\u015eARIYA G\u0130DEN YOL[\/mk_fancy_title][mk_fancy_title color=&#8221;#fdc502&#8243; size=&#8221;72&#8243; force_font_size=&#8221;true&#8221; size_phone=&#8221;35&#8243; font_weight=&#8221;bold&#8221; txt_transform=&#8221;uppercase&#8221; margin_bottom=&#8221;80&#8243; font_family=&#8221;Ubuntu&#8221; font_type=&#8221;google&#8221; align=&#8221;center&#8221; animation=&#8221;fade-in&#8221;]KAZAN YAPI \u0130N\u015eAAT DEKORASYON&#8230;[\/mk_fancy_title][vc_row_inner is_fullwidth_content=&#8221;false&#8221;][vc_column_inner width=&#8221;1\/3&#8243;][mk_image src=&#8221;http:\/\/demos.artbees.net\/jupiter5\/taygete\/wp-content\/uploads\/sites\/58\/2015\/11\/home-head-img-01.jpg&#8221; image_size=&#8221;full&#8221; align=&#8221;center&#8221; margin_bottom=&#8221;0&#8243;][mk_divider style=&#8221;thin_solid&#8221; thin_single_color=&#8221;#fdc502&#8243; thickness=&#8221;7&#8243; margin_top=&#8221;0&#8243; margin_bottom=&#8221;0&#8243;][\/vc_column_inner][vc_column_inner width=&#8221;1\/3&#8243;][mk_image src=&#8221;http:\/\/kazanyapi.com\/wp-content\/uploads\/2018\/02\/anahtar-teslim.jpg&#8221; image_size=&#8221;full&#8221; align=&#8221;center&#8221; margin_bottom=&#8221;-50&#8243; crop=&#8221;false&#8221;][mk_divider style=&#8221;thin_solid&#8221; [&hellip;]<\/p>\n","protected":false},"author":1,"featured_media":0,"parent":0,"menu_order":0,"comment_status":"closed","ping_status":"closed","template":"","meta":{"footnotes":""},"_links":{"self":[{"href":"https:\/\/kazanyapi.com\/index.php\/wp-json\/wp\/v2\/pages\/5"}],"collection":[{"href":"https:\/\/kazanyapi.com\/index.php\/wp-json\/wp\/v2\/pages"}],"about":[{"href":"https:\/\/kazanyapi.com\/index.php\/wp-json\/wp\/v2\/types\/page"}],"author":[{"embeddable":true,"href":"https:\/\/kazanyapi.com\/index.php\/wp-json\/wp\/v2\/users\/1"}],"replies":[{"embeddable":true,"href":"https:\/\/kazanyapi.com\/index.php\/wp-json\/wp\/v2\/comments?post=5"}],"version-history":[{"count":20,"href":"https:\/\/kazanyapi.com\/index.php\/wp-json\/wp\/v2\/pages\/5\/revisions"}],"predecessor-version":[{"id":750,"href":"https:\/\/kazanyapi.com\/index.php\/wp-json\/wp\/v2\/pages\/5\/revisions\/750"}],"wp:attachment":[{"href":"https:\/\/kazanyapi.com\/index.php\/wp-json\/wp\/v2\/media?parent=5"}],"curies":[{"name":"wp","href":"https:\/\/api.w.org\/{rel}","templated":true}]}}